{"id":12,"date":"2017-04-19T14:43:26","date_gmt":"2017-04-19T11:43:26","guid":{"rendered":"http:\/\/www.foogy.net\/?page_id=12"},"modified":"2020-01-09T11:42:10","modified_gmt":"2020-01-09T08:42:10","slug":"hakkimizda","status":"publish","type":"page","link":"http:\/\/www.foogy.net\/index.php\/hakkimizda\/","title":{"rendered":"Hakk\u0131m\u0131zda"},"content":{"rendered":"\r\n\r\n\t\t\t<div class=\"mainHeading noslogan\">\r\n\t\t\t\t<div class=\"icon kurumsal\"><\/div>\r\n\t\t\t\t<div class=\"title\">Firmam\u0131z Hakk\u0131nda <\/div>\r\n\t\t\t<\/div>\r\n\r\n\t\t\n<p><img loading=\"lazy\" decoding=\"async\" class=\"alignnone size-full wp-image-151\" src=\"http:\/\/www.foogy.net\/wp-content\/uploads\/2017\/04\/hakkimizda.jpg\" alt=\"\" width=\"900\" height=\"513\" srcset=\"http:\/\/www.foogy.net\/wp-content\/uploads\/2017\/04\/hakkimizda.jpg 900w, http:\/\/www.foogy.net\/wp-content\/uploads\/2017\/04\/hakkimizda-300x171.jpg 300w, http:\/\/www.foogy.net\/wp-content\/uploads\/2017\/04\/hakkimizda-768x438.jpg 768w\" sizes=\"(max-width: 900px) 100vw, 900px\" \/><\/p>\n<p>Foogy Markam\u0131z Etiket sekt\u00f6r\u00fcnde barkod etiketleri, kargo, ambalaj magazac\u0131l\u0131k, market v.b sekt\u00f6r grunlar\u0131nda kullan\u0131lmak \u00fczere foogy markas\u0131 alt\u0131nda etiket \u00fcr\u00fcnleri yapmaktad\u0131r. Ayr\u0131ca \u00e7e\u015fitli markal\u0131 yaz\u0131c\u0131larla uyumlu etiketler de \u00fcretmektedir.<\/p>\n\r\n\r\n\t\t\t<div class=\"mainHeading noslogan\">\r\n\t\t\t\t<div class=\"icon yildiz\"><\/div>\r\n\t\t\t\t<div class=\"title\">Misyonumuz<\/div>\r\n\t\t\t<\/div>\r\n\r\n\t\t\n\r\n\r\n\t\t\t<div class=\"safir-list\">\r\n\t\t\t\r\n\t\t\t<\/div>\r\n\r\n\t\t\n<ul>\n<li>Kaliteli \u00fcr\u00fcnlerimizi sizler ula\u015ft\u0131rmak<\/li>\n<li>Etiketleme i\u015flerinizde tasarruf ettirmek<\/li>\n<li>\u00c7\u00f6z\u00fcm \u00f6nerileri sunmak<\/li>\n<li>Her zaman bilgiye ula\u015fman\u0131z\u0131 sa\u011flamak<\/li>\n<\/ul>\n\r\n\r\n\t\t\t<div class=\"mainHeading noslogan\">\r\n\t\t\t\t<div class=\"icon kullanici\"><\/div>\r\n\t\t\t\t<div class=\"title\">Vizyonumuz<\/div>\r\n\t\t\t<\/div>\r\n\r\n\t\t\n<p>Her zaman kaliteli,ekonomik \u00fcr\u00fcnleri de\u011ferli m\u00fc\u015fterilerimize sunmak ve sekt\u00f6rdeki yenilikleri takip ederek g\u00fcncel kal\u0131p \u00e7e\u015fitlerimizi art\u0131r\u0131p sizlere daha \u00e7ok se\u00e7enek ve \u00e7\u00f6z\u00fcm \u00f6nerileri sunmak.<\/p>\n\r\n\r\n\t\t\t<div class=\"mainHeading noslogan\">\r\n\t\t\t\t<div class=\"icon takvim\"><\/div>\r\n\t\t\t\t<div class=\"title\">Firma Tarih\u00e7esi<\/div>\r\n\t\t\t<\/div>\r\n\r\n\t\t\n<p>Firmam\u0131z \u00e7ok eski olmamakla birlikte sekt\u00f6r\u00fcn 2016 y\u0131l\u0131ndan bu yana takip etmekte ve yeniliklerden haberdar olarak yol belirlemektedir.<\/p>\n","protected":false},"excerpt":{"rendered":"<p>Foogy Markam\u0131z Etiket sekt\u00f6r\u00fcnde barkod etiketleri, kargo, ambalaj magazac\u0131l\u0131k, market v.b sekt\u00f6r grunlar\u0131nda kullan\u0131lmak \u00fczere foogy markas\u0131 alt\u0131nda etiket \u00fcr\u00fcnleri yapmaktad\u0131r. Ayr\u0131ca \u00e7e\u015fitli markal\u0131 yaz\u0131c\u0131larla uyumlu etiketler de \u00fcretmektedir. Kaliteli \u00fcr\u00fcnlerimizi sizler ula\u015ft\u0131rmak Etiketleme i\u015flerinizde tasarruf ettirmek \u00c7\u00f6z\u00fcm \u00f6nerileri sunmak Her zaman bilgiye ula\u015fman\u0131z\u0131 sa\u011flamak Her zaman kaliteli,ekonomik \u00fcr\u00fcnleri de\u011ferli m\u00fc\u015fterilerimize sunmak ve sekt\u00f6rdeki yenilikleri [&hellip;]<\/p>\n","protected":false},"author":1,"featured_media":0,"parent":0,"menu_order":0,"comment_status":"closed","ping_status":"closed","template":"","meta":{"footnotes":""},"yoast_head":"<!-- This site is optimized with the Yoast SEO plugin v22.4 - https:\/\/yoast.com\/wordpress\/plugins\/seo\/ -->\n<title>Hakk\u0131m\u0131zda - Foogy Etiket<\/title>\n<meta name=\"robots\" content=\"index, follow, max-snippet:-1, max-image-preview:large, max-video-preview:-1\" \/>\n<link rel=\"canonical\" href=\"http:\/\/www.foogy.net\/index.php\/hakkimizda\/\" \/>\n<meta property=\"og:locale\" content=\"tr_TR\" \/>\n<meta property=\"og:type\" content=\"article\" \/>\n<meta property=\"og:title\" content=\"Hakk\u0131m\u0131zda - Foogy Etiket\" \/>\n<meta property=\"og:description\" content=\"Foogy Markam\u0131z Etiket sekt\u00f6r\u00fcnde barkod etiketleri, kargo, ambalaj magazac\u0131l\u0131k, market v.b sekt\u00f6r grunlar\u0131nda kullan\u0131lmak \u00fczere foogy markas\u0131 alt\u0131nda etiket \u00fcr\u00fcnleri yapmaktad\u0131r. Ayr\u0131ca \u00e7e\u015fitli markal\u0131 yaz\u0131c\u0131larla uyumlu etiketler de \u00fcretmektedir. Kaliteli \u00fcr\u00fcnlerimizi sizler ula\u015ft\u0131rmak Etiketleme i\u015flerinizde tasarruf ettirmek \u00c7\u00f6z\u00fcm \u00f6nerileri sunmak Her zaman bilgiye ula\u015fman\u0131z\u0131 sa\u011flamak Her zaman kaliteli,ekonomik \u00fcr\u00fcnleri de\u011ferli m\u00fc\u015fterilerimize sunmak ve sekt\u00f6rdeki yenilikleri [&hellip;]\" \/>\n<meta property=\"og:url\" content=\"http:\/\/www.foogy.net\/index.php\/hakkimizda\/\" \/>\n<meta property=\"og:site_name\" content=\"Foogy Etiket\" \/>\n<meta property=\"article:modified_time\" content=\"2020-01-09T08:42:10+00:00\" \/>\n<meta property=\"og:image\" content=\"http:\/\/www.foogy.net\/wp-content\/uploads\/2017\/04\/hakkimizda.jpg\" \/>\n<meta name=\"twitter:card\" content=\"summary_large_image\" \/>\n<meta name=\"twitter:label1\" content=\"Tahmini okuma s\u00fcresi\" \/>\n\t<meta name=\"twitter:data1\" content=\"1 dakika\" \/>\n<script type=\"application\/ld+json\" class=\"yoast-schema-graph\">{\"@context\":\"https:\/\/schema.org\",\"@graph\":[{\"@type\":\"WebPage\",\"@id\":\"http:\/\/www.foogy.net\/index.php\/hakkimizda\/\",\"url\":\"http:\/\/www.foogy.net\/index.php\/hakkimizda\/\",\"name\":\"Hakk\u0131m\u0131zda - Foogy Etiket\",\"isPartOf\":{\"@id\":\"http:\/\/www.foogy.net\/#website\"},\"primaryImageOfPage\":{\"@id\":\"http:\/\/www.foogy.net\/index.php\/hakkimizda\/#primaryimage\"},\"image\":{\"@id\":\"http:\/\/www.foogy.net\/index.php\/hakkimizda\/#primaryimage\"},\"thumbnailUrl\":\"http:\/\/www.foogy.net\/wp-content\/uploads\/2017\/04\/hakkimizda.jpg\",\"datePublished\":\"2017-04-19T11:43:26+00:00\",\"dateModified\":\"2020-01-09T08:42:10+00:00\",\"breadcrumb\":{\"@id\":\"http:\/\/www.foogy.net\/index.php\/hakkimizda\/#breadcrumb\"},\"inLanguage\":\"tr\",\"potentialAction\":[{\"@type\":\"ReadAction\",\"target\":[\"http:\/\/www.foogy.net\/index.php\/hakkimizda\/\"]}]},{\"@type\":\"ImageObject\",\"inLanguage\":\"tr\",\"@id\":\"http:\/\/www.foogy.net\/index.php\/hakkimizda\/#primaryimage\",\"url\":\"http:\/\/www.foogy.net\/wp-content\/uploads\/2017\/04\/hakkimizda.jpg\",\"contentUrl\":\"http:\/\/www.foogy.net\/wp-content\/uploads\/2017\/04\/hakkimizda.jpg\",\"width\":900,\"height\":513},{\"@type\":\"BreadcrumbList\",\"@id\":\"http:\/\/www.foogy.net\/index.php\/hakkimizda\/#breadcrumb\",\"itemListElement\":[{\"@type\":\"ListItem\",\"position\":1,\"name\":\"Foogy Etiket\",\"item\":\"http:\/\/www.foogy.net\/\"},{\"@type\":\"ListItem\",\"position\":2,\"name\":\"Hakk\u0131m\u0131zda\"}]},{\"@type\":\"WebSite\",\"@id\":\"http:\/\/www.foogy.net\/#website\",\"url\":\"http:\/\/www.foogy.net\/\",\"name\":\"Foogy Etiket\",\"description\":\"Etiket \u0130\u015flerinizde Do\u011fru Adres\",\"publisher\":{\"@id\":\"http:\/\/www.foogy.net\/#organization\"},\"potentialAction\":[{\"@type\":\"SearchAction\",\"target\":{\"@type\":\"EntryPoint\",\"urlTemplate\":\"http:\/\/www.foogy.net\/?s={search_term_string}\"},\"query-input\":\"required name=search_term_string\"}],\"inLanguage\":\"tr\"},{\"@type\":\"Organization\",\"@id\":\"http:\/\/www.foogy.net\/#organization\",\"name\":\"Foogy Etiket\",\"url\":\"http:\/\/www.foogy.net\/\",\"logo\":{\"@type\":\"ImageObject\",\"inLanguage\":\"tr\",\"@id\":\"http:\/\/www.foogy.net\/#\/schema\/logo\/image\/\",\"url\":\"http:\/\/www.foogy.net\/wp-content\/uploads\/2024\/03\/Foogy3.jpg\",\"contentUrl\":\"http:\/\/www.foogy.net\/wp-content\/uploads\/2024\/03\/Foogy3.jpg\",\"width\":1500,\"height\":1500,\"caption\":\"Foogy Etiket\"},\"image\":{\"@id\":\"http:\/\/www.foogy.net\/#\/schema\/logo\/image\/\"}}]}<\/script>\n<!-- \/ Yoast SEO plugin. -->","yoast_head_json":{"title":"Hakk\u0131m\u0131zda - Foogy Etiket","robots":{"index":"index","follow":"follow","max-snippet":"max-snippet:-1","max-image-preview":"max-image-preview:large","max-video-preview":"max-video-preview:-1"},"canonical":"http:\/\/www.foogy.net\/index.php\/hakkimizda\/","og_locale":"tr_TR","og_type":"article","og_title":"Hakk\u0131m\u0131zda - Foogy Etiket","og_description":"Foogy Markam\u0131z Etiket sekt\u00f6r\u00fcnde barkod etiketleri, kargo, ambalaj magazac\u0131l\u0131k, market v.b sekt\u00f6r grunlar\u0131nda kullan\u0131lmak \u00fczere foogy markas\u0131 alt\u0131nda etiket \u00fcr\u00fcnleri yapmaktad\u0131r. Ayr\u0131ca \u00e7e\u015fitli markal\u0131 yaz\u0131c\u0131larla uyumlu etiketler de \u00fcretmektedir. Kaliteli \u00fcr\u00fcnlerimizi sizler ula\u015ft\u0131rmak Etiketleme i\u015flerinizde tasarruf ettirmek \u00c7\u00f6z\u00fcm \u00f6nerileri sunmak Her zaman bilgiye ula\u015fman\u0131z\u0131 sa\u011flamak Her zaman kaliteli,ekonomik \u00fcr\u00fcnleri de\u011ferli m\u00fc\u015fterilerimize sunmak ve sekt\u00f6rdeki yenilikleri [&hellip;]","og_url":"http:\/\/www.foogy.net\/index.php\/hakkimizda\/","og_site_name":"Foogy Etiket","article_modified_time":"2020-01-09T08:42:10+00:00","og_image":[{"url":"http:\/\/www.foogy.net\/wp-content\/uploads\/2017\/04\/hakkimizda.jpg"}],"twitter_card":"summary_large_image","twitter_misc":{"Tahmini okuma s\u00fcresi":"1 dakika"},"schema":{"@context":"https:\/\/schema.org","@graph":[{"@type":"WebPage","@id":"http:\/\/www.foogy.net\/index.php\/hakkimizda\/","url":"http:\/\/www.foogy.net\/index.php\/hakkimizda\/","name":"Hakk\u0131m\u0131zda - Foogy Etiket","isPartOf":{"@id":"http:\/\/www.foogy.net\/#website"},"primaryImageOfPage":{"@id":"http:\/\/www.foogy.net\/index.php\/hakkimizda\/#primaryimage"},"image":{"@id":"http:\/\/www.foogy.net\/index.php\/hakkimizda\/#primaryimage"},"thumbnailUrl":"http:\/\/www.foogy.net\/wp-content\/uploads\/2017\/04\/hakkimizda.jpg","datePublished":"2017-04-19T11:43:26+00:00","dateModified":"2020-01-09T08:42:10+00:00","breadcrumb":{"@id":"http:\/\/www.foogy.net\/index.php\/hakkimizda\/#breadcrumb"},"inLanguage":"tr","potentialAction":[{"@type":"ReadAction","target":["http:\/\/www.foogy.net\/index.php\/hakkimizda\/"]}]},{"@type":"ImageObject","inLanguage":"tr","@id":"http:\/\/www.foogy.net\/index.php\/hakkimizda\/#primaryimage","url":"http:\/\/www.foogy.net\/wp-content\/uploads\/2017\/04\/hakkimizda.jpg","contentUrl":"http:\/\/www.foogy.net\/wp-content\/uploads\/2017\/04\/hakkimizda.jpg","width":900,"height":513},{"@type":"BreadcrumbList","@id":"http:\/\/www.foogy.net\/index.php\/hakkimizda\/#breadcrumb","itemListElement":[{"@type":"ListItem","position":1,"name":"Foogy Etiket","item":"http:\/\/www.foogy.net\/"},{"@type":"ListItem","position":2,"name":"Hakk\u0131m\u0131zda"}]},{"@type":"WebSite","@id":"http:\/\/www.foogy.net\/#website","url":"http:\/\/www.foogy.net\/","name":"Foogy Etiket","description":"Etiket \u0130\u015flerinizde Do\u011fru Adres","publisher":{"@id":"http:\/\/www.foogy.net\/#organization"},"potentialAction":[{"@type":"SearchAction","target":{"@type":"EntryPoint","urlTemplate":"http:\/\/www.foogy.net\/?s={search_term_string}"},"query-input":"required name=search_term_string"}],"inLanguage":"tr"},{"@type":"Organization","@id":"http:\/\/www.foogy.net\/#organization","name":"Foogy Etiket","url":"http:\/\/www.foogy.net\/","logo":{"@type":"ImageObject","inLanguage":"tr","@id":"http:\/\/www.foogy.net\/#\/schema\/logo\/image\/","url":"http:\/\/www.foogy.net\/wp-content\/uploads\/2024\/03\/Foogy3.jpg","contentUrl":"http:\/\/www.foogy.net\/wp-content\/uploads\/2024\/03\/Foogy3.jpg","width":1500,"height":1500,"caption":"Foogy Etiket"},"image":{"@id":"http:\/\/www.foogy.net\/#\/schema\/logo\/image\/"}}]}},"_links":{"self":[{"href":"http:\/\/www.foogy.net\/index.php\/wp-json\/wp\/v2\/pages\/12"}],"collection":[{"href":"http:\/\/www.foogy.net\/index.php\/wp-json\/wp\/v2\/pages"}],"about":[{"href":"http:\/\/www.foogy.net\/index.php\/wp-json\/wp\/v2\/types\/page"}],"author":[{"embeddable":true,"href":"http:\/\/www.foogy.net\/index.php\/wp-json\/wp\/v2\/users\/1"}],"replies":[{"embeddable":true,"href":"http:\/\/www.foogy.net\/index.php\/wp-json\/wp\/v2\/comments?post=12"}],"version-history":[{"count":13,"href":"http:\/\/www.foogy.net\/index.php\/wp-json\/wp\/v2\/pages\/12\/revisions"}],"predecessor-version":[{"id":693,"href":"http:\/\/www.foogy.net\/index.php\/wp-json\/wp\/v2\/pages\/12\/revisions\/693"}],"wp:attachment":[{"href":"http:\/\/www.foogy.net\/index.php\/wp-json\/wp\/v2\/media?parent=12"}],"curies":[{"name":"wp","href":"https:\/\/api.w.org\/{rel}","templated":true}]}}